{"id":1416,"date":"2026-01-02T09:36:38","date_gmt":"2026-01-02T08:36:38","guid":{"rendered":"http:\/\/www.voreppeavenir.fr\/changeons\/?page_id=1416"},"modified":"2026-03-02T09:37:15","modified_gmt":"2026-03-02T08:37:15","slug":"informations-legales","status":"publish","type":"page","link":"http:\/\/www.voreppeavenir.fr\/changeons\/informations-legales\/","title":{"rendered":"Informations l\u00e9gales"},"content":{"rendered":"<p><strong>\u00c9diteur du site<\/strong><br \/>\nVoreppe Avenir : Changeons !<br \/>\n38 340 Voreppe<br \/>\ncontact via <a href=\"http:\/\/www.voreppeavenir.fr\/changeons\/nous-contacter\/\" target=\"_blank\">le formulaire du site<\/a><br \/>\nDirecteur de la publication : Laurent Godard pour le compte de Voreppe Avenir<\/p>\n<p><strong>H\u00e9bergement<\/strong><br \/>\nonline.net &#8211; SCALEWAY<br \/>\nScaleway SAS 8, Rue de la Ville-l&rsquo;\u00c9v\u00eaque, 75008 Paris, France<br \/>\nhttps:\/\/online.net<\/p>\n<p><strong>Propri\u00e9t\u00e9 intellectuelle<\/strong><br \/>\nLes textes et photographies que nous avons produits sont notre propri\u00e9t\u00e9 exclusive. Toute reproduction sans autorisation est interdite. Tout autre contenu (photos, logos, illustrations, &#8230;) reste la propri\u00e9t\u00e9 exclusive de leurs auteurs respectifs.<\/p>\n<p><strong>Donn\u00e9es personnelles<\/strong><\/p>\n<p>Responsable du traitement : Voreppe Avenir \u2013 <a href=\"http:\/\/www.voreppeavenir.fr\/changeons\/nous-contacter\/\" target=\"_blank\">contact via le formulaire du site<\/a><\/p>\n<p>Ce site collecte des donn\u00e9es personnelles uniquement via ses formulaires et l&rsquo;inscription \u00e0 la newsletter :<\/p>\n<ul>\n<li>Formulaire de contact : nom, pr\u00e9nom, email, message.<\/li>\n<li>Formulaire de dons : adresse postale, email, montant, message.<\/li>\n<li>Newsletter : adresse email.<\/li>\n<\/ul>\n<p>Ces donn\u00e9es sont utilis\u00e9es uniquement pour r\u00e9pondre \u00e0 vos messages, traiter vos dons, et vous envoyer notre newsletter si vous y avez souscrit.<\/p>\n<p>Elles ne sont ni vendues ni transmises \u00e0 des tiers, sauf injonction l\u00e9gale.<\/p>\n<p>Vous pouvez vous d\u00e9sinscrire de la newsletter \u00e0 tout moment via le lien pr\u00e9sent dans chaque email.<\/p>\n<p>Conservation : au plus 3 ans apr\u00e8s le dernier contact, 5 ans pour les donn\u00e9es li\u00e9es aux dons.<\/p>\n<p>Conform\u00e9ment au RGPD, vous pouvez acc\u00e9der \u00e0 vos donn\u00e9es, les rectifier ou les supprimer en \u00e9crivant \u00e0 : contact @ VoreppeAvenir . fr<\/p>\n<p>Aucun cookie publicitaire ni traceur tiers n&rsquo;est utilis\u00e9 sur ce site.<\/p>\n<p>L&rsquo;h\u00e9bergeur du site (Scaleway) collecte automatiquement des donn\u00e9es techniques de navigation (adresses IP, pages visit\u00e9es, dates et heures de connexion) \u00e0 des fins de statistiques et de s\u00e9curit\u00e9. Ces donn\u00e9es sont g\u00e9r\u00e9es par Scaleway conform\u00e9ment \u00e0 sa propre politique de confidentialit\u00e9 : https:\/\/www.scaleway.com\/fr\/politique-de-confidentialite\/<\/p>\n","protected":false},"excerpt":{"rendered":"<p>\u00c9diteur du site Voreppe Avenir : Changeons ! 38 340 Voreppe contact via le formulaire du site Directeur de la publication : Laurent Godard pour &hellip; <\/p>\n","protected":false},"author":7,"featured_media":0,"parent":0,"menu_order":0,"comment_status":"closed","ping_status":"closed","template":"","meta":{"footnotes":""},"class_list":["post-1416","page","type-page","status-publish","hentry"],"_links":{"self":[{"href":"http:\/\/www.voreppeavenir.fr\/changeons\/wp-json\/wp\/v2\/pages\/1416","targetHints":{"allow":["GET"]}}],"collection":[{"href":"http:\/\/www.voreppeavenir.fr\/changeons\/wp-json\/wp\/v2\/pages"}],"about":[{"href":"http:\/\/www.voreppeavenir.fr\/changeons\/wp-json\/wp\/v2\/types\/page"}],"author":[{"embeddable":true,"href":"http:\/\/www.voreppeavenir.fr\/changeons\/wp-json\/wp\/v2\/users\/7"}],"replies":[{"embeddable":true,"href":"http:\/\/www.voreppeavenir.fr\/changeons\/wp-json\/wp\/v2\/comments?post=1416"}],"version-history":[{"count":2,"href":"http:\/\/www.voreppeavenir.fr\/changeons\/wp-json\/wp\/v2\/pages\/1416\/revisions"}],"predecessor-version":[{"id":1418,"href":"http:\/\/www.voreppeavenir.fr\/changeons\/wp-json\/wp\/v2\/pages\/1416\/revisions\/1418"}],"wp:attachment":[{"href":"http:\/\/www.voreppeavenir.fr\/changeons\/wp-json\/wp\/v2\/media?parent=1416"}],"curies":[{"name":"wp","href":"https:\/\/api.w.org\/{rel}","templated":true}]}}