{"id":1250,"date":"2026-02-26T07:55:38","date_gmt":"2026-02-26T06:55:38","guid":{"rendered":"http:\/\/www.voreppeavenir.fr\/changeons\/?page_id=1250"},"modified":"2026-02-27T17:12:29","modified_gmt":"2026-02-27T16:12:29","slug":"le-programme-la-derniere-page","status":"publish","type":"page","link":"http:\/\/www.voreppeavenir.fr\/changeons\/le-programme-la-derniere-page\/","title":{"rendered":"Le programme &#8211; La derni\u00e8re page"},"content":{"rendered":"<p>Notre engagement repose sur les valeurs r\u00e9publicaines de Libert\u00e9, Egalit\u00e9, Fraternit\u00e9, La\u00efcit\u00e9, Solidarit\u00e9.<\/p>\n<p>Durant le mandat et face aux impr\u00e9vus, nous serons sinc\u00e8res, transparents et \u00e0 votre \u00e9coute.<\/p>\n<p>Nous estimons que l\u2019engagement \u00e9thique des \u00e9lus doit primer avant tout. C\u2019est pourquoi nous nous reconnaissons dans <a href=\"https:\/\/www.anticor.org\/2026\/01\/12\/elections-municipales-2026-les-propositions-ethiques-danticor\/\" target=\"_blank\">les trente propositions d\u2019Anticor<\/a>, association de lutte contre la corruption et pour l\u2019\u00e9thique en politique. Nous retiendrons toute proposition qui pourra \u00eatre adapt\u00e9e au contexte de notre commune.<\/p>\n<div style=\"text-align: right;\"><a href=\"http:\/\/www.voreppeavenir.fr\/changeons\/notre-programme\/\">Retour au programme<\/a><\/div>\n<hr\/>\n<p><img decoding=\"async\" class=\"aligncenter size-full wp-image-1145\" src=\"http:\/\/www.voreppeavenir.fr\/changeons\/wp-content\/uploads\/2026\/02\/programme_VoreppeAvenir_Changeons_print-28.png\" alt=\"\" width=\"80%\" \/><\/p>\n<div style=\"text-align: right;\"><a href=\"http:\/\/www.voreppeavenir.fr\/changeons\/notre-programme\/\">Retour au programme<\/a><\/div>\n","protected":false},"excerpt":{"rendered":"<p>Notre engagement repose sur les valeurs r\u00e9publicaines de Libert\u00e9, Egalit\u00e9, Fraternit\u00e9, La\u00efcit\u00e9, Solidarit\u00e9. Durant le mandat et face aux impr\u00e9vus, nous serons sinc\u00e8res, transparents et &hellip; <\/p>\n","protected":false},"author":7,"featured_media":0,"parent":0,"menu_order":0,"comment_status":"closed","ping_status":"closed","template":"","meta":{"footnotes":""},"class_list":["post-1250","page","type-page","status-publish","hentry"],"_links":{"self":[{"href":"http:\/\/www.voreppeavenir.fr\/changeons\/wp-json\/wp\/v2\/pages\/1250","targetHints":{"allow":["GET"]}}],"collection":[{"href":"http:\/\/www.voreppeavenir.fr\/changeons\/wp-json\/wp\/v2\/pages"}],"about":[{"href":"http:\/\/www.voreppeavenir.fr\/changeons\/wp-json\/wp\/v2\/types\/page"}],"author":[{"embeddable":true,"href":"http:\/\/www.voreppeavenir.fr\/changeons\/wp-json\/wp\/v2\/users\/7"}],"replies":[{"embeddable":true,"href":"http:\/\/www.voreppeavenir.fr\/changeons\/wp-json\/wp\/v2\/comments?post=1250"}],"version-history":[{"count":4,"href":"http:\/\/www.voreppeavenir.fr\/changeons\/wp-json\/wp\/v2\/pages\/1250\/revisions"}],"predecessor-version":[{"id":1408,"href":"http:\/\/www.voreppeavenir.fr\/changeons\/wp-json\/wp\/v2\/pages\/1250\/revisions\/1408"}],"wp:attachment":[{"href":"http:\/\/www.voreppeavenir.fr\/changeons\/wp-json\/wp\/v2\/media?parent=1250"}],"curies":[{"name":"wp","href":"https:\/\/api.w.org\/{rel}","templated":true}]}}