{"id":1244,"date":"2026-02-26T07:43:26","date_gmt":"2026-02-26T06:43:26","guid":{"rendered":"http:\/\/www.voreppeavenir.fr\/changeons\/?page_id=1244"},"modified":"2026-02-27T17:13:09","modified_gmt":"2026-02-27T16:13:09","slug":"le-programme-saffirmer","status":"publish","type":"page","link":"http:\/\/www.voreppeavenir.fr\/changeons\/le-programme-saffirmer\/","title":{"rendered":"Le programme &#8211; S&rsquo;affirmer"},"content":{"rendered":"<p><strong>Notre Objectif :<\/strong> Avec ses six \u00e9lus au Pays Voironnais, Voreppe doit r\u00e9affirmer sa position et renforcer la dynamique intercommunale pour la mise en place de projets d\u2019int\u00e9r\u00eat g\u00e9n\u00e9ral dans tous les domaines (mobilit\u00e9, alimentation, logement, enjeux climatiques, culture&#8230;).<\/p>\n<ul>\n<li><a href=\"http:\/\/www.voreppeavenir.fr\/changeons\/wp-content\/uploads\/2026\/02\/22_programme_VoreppeAvenir_Changeons_print.pdf\" target=\"_blank\">S\u2019investir au Pays Voironnnais et au-del\u00e0<\/a> (<a href=\"http:\/\/www.voreppeavenir.fr\/changeons\/wp-content\/uploads\/2026\/02\/23_programme_VoreppeAvenir_Changeons_print.pdf\" target=\"_blank\">page suivante<\/a>)<\/li>\n<\/ul>\n<p><strong>Focus sur &#8230;<\/strong><\/p>\n<ul>\n<li>La chaufferie bois \u00e9nergie.<\/li>\n<\/ul>\n<div style=\"text-align: right;\"><a href=\"http:\/\/www.voreppeavenir.fr\/changeons\/notre-programme\/\">Retour au programme<\/a><\/div>\n<hr \/>\n<p><img decoding=\"async\" class=\"aligncenter size-full wp-image-1145\" src=\"http:\/\/www.voreppeavenir.fr\/changeons\/wp-content\/uploads\/2026\/02\/programme_VoreppeAvenir_Changeons_print-22.png\" alt=\"\" width=\"80%\" \/><br \/>\n<img decoding=\"async\" class=\"aligncenter size-full wp-image-1146\" src=\"http:\/\/www.voreppeavenir.fr\/changeons\/wp-content\/uploads\/2026\/02\/programme_VoreppeAvenir_Changeons_print-23.png\" alt=\"\" width=\"80%\" \/><\/p>\n<div style=\"text-align: right;\"><a href=\"http:\/\/www.voreppeavenir.fr\/changeons\/notre-programme\/\">Retour au programme<\/a><\/div>\n","protected":false},"excerpt":{"rendered":"<p>Notre Objectif : Avec ses six \u00e9lus au Pays Voironnais, Voreppe doit r\u00e9affirmer sa position et renforcer la dynamique intercommunale pour la mise en place &hellip; <\/p>\n","protected":false},"author":7,"featured_media":0,"parent":0,"menu_order":0,"comment_status":"closed","ping_status":"closed","template":"","meta":{"footnotes":""},"class_list":["post-1244","page","type-page","status-publish","hentry"],"_links":{"self":[{"href":"http:\/\/www.voreppeavenir.fr\/changeons\/wp-json\/wp\/v2\/pages\/1244","targetHints":{"allow":["GET"]}}],"collection":[{"href":"http:\/\/www.voreppeavenir.fr\/changeons\/wp-json\/wp\/v2\/pages"}],"about":[{"href":"http:\/\/www.voreppeavenir.fr\/changeons\/wp-json\/wp\/v2\/types\/page"}],"author":[{"embeddable":true,"href":"http:\/\/www.voreppeavenir.fr\/changeons\/wp-json\/wp\/v2\/users\/7"}],"replies":[{"embeddable":true,"href":"http:\/\/www.voreppeavenir.fr\/changeons\/wp-json\/wp\/v2\/comments?post=1244"}],"version-history":[{"count":4,"href":"http:\/\/www.voreppeavenir.fr\/changeons\/wp-json\/wp\/v2\/pages\/1244\/revisions"}],"predecessor-version":[{"id":1411,"href":"http:\/\/www.voreppeavenir.fr\/changeons\/wp-json\/wp\/v2\/pages\/1244\/revisions\/1411"}],"wp:attachment":[{"href":"http:\/\/www.voreppeavenir.fr\/changeons\/wp-json\/wp\/v2\/media?parent=1244"}],"curies":[{"name":"wp","href":"https:\/\/api.w.org\/{rel}","templated":true}]}}