{"id":1240,"date":"2026-02-26T07:35:05","date_gmt":"2026-02-26T06:35:05","guid":{"rendered":"http:\/\/www.voreppeavenir.fr\/changeons\/?page_id=1240"},"modified":"2026-02-27T17:11:51","modified_gmt":"2026-02-27T16:11:51","slug":"le-programme-ensemble-a-chaque-etape-de-la-vie","status":"publish","type":"page","link":"http:\/\/www.voreppeavenir.fr\/changeons\/le-programme-ensemble-a-chaque-etape-de-la-vie\/","title":{"rendered":"Le programme &#8211; Ensemble, \u00e0 chaque \u00e9tape de la vie"},"content":{"rendered":"<p><strong>Notre Objectif :<\/strong> Accompagner chaque habitant(e) \u00e0 chaque \u00e9tape de sa vie en garantissant des services publics coh\u00e9rents, solidaires et cr\u00e9ateurs de liens entre les g\u00e9n\u00e9rations.<\/p>\n<ul>\n<li><a href=\"http:\/\/www.voreppeavenir.fr\/changeons\/wp-content\/uploads\/2026\/02\/18_programme_VoreppeAvenir_Changeons_print.pdf\" target=\"_blank\">Une ville qui fait grandir sa jeunesse<\/a><\/li>\n<li><a href=\"http:\/\/www.voreppeavenir.fr\/changeons\/wp-content\/uploads\/2026\/02\/19_programme_VoreppeAvenir_Changeons_print.pdf\" target=\"_blank\">Accompagner les seniors et les plus vuln\u00e9rables<\/a><\/li>\n<li><a href=\"http:\/\/www.voreppeavenir.fr\/changeons\/wp-content\/uploads\/2026\/02\/20_programme_VoreppeAvenir_Changeons_print.pdf\" target=\"_blank\">D\u00e9velopper les liens interg\u00e9n\u00e9rationnels<\/a><\/li>\n<\/ul>\n<p><strong>Focus sur &#8230;<\/strong><\/p>\n<ul>\n<li>La Rigonni\u00e8re, notre patrimoine naturel \u00e0 valoriser.<\/li>\n<li>Des rues accessibles \u00e0 tous.<\/li>\n<li>Les rencontres du \u00ab faire-ensemble \u00bb.<\/li>\n<\/ul>\n<div style=\"text-align: right;\"><a href=\"http:\/\/www.voreppeavenir.fr\/changeons\/notre-programme\/\">Retour au programme<\/a><\/div>\n<hr \/>\n<p><img decoding=\"async\" class=\"aligncenter size-full wp-image-1145\" src=\"http:\/\/www.voreppeavenir.fr\/changeons\/wp-content\/uploads\/2026\/02\/programme_VoreppeAvenir_Changeons_print-18.png\" alt=\"\" width=\"80%\" \/><br \/>\n<img decoding=\"async\" class=\"aligncenter size-full wp-image-1146\" src=\"http:\/\/www.voreppeavenir.fr\/changeons\/wp-content\/uploads\/2026\/02\/programme_VoreppeAvenir_Changeons_print-19.png\" alt=\"\" width=\"80%\" \/><br \/>\n<img decoding=\"async\" class=\"aligncenter size-full wp-image-1147\" src=\"http:\/\/www.voreppeavenir.fr\/changeons\/wp-content\/uploads\/2026\/02\/programme_VoreppeAvenir_Changeons_print-20.png\" alt=\"\" width=\"1241\" height=\"80%\" \/><\/p>\n<div style=\"text-align: right;\"><a href=\"http:\/\/www.voreppeavenir.fr\/changeons\/notre-programme\/\">Retour au programme<\/a><\/div>\n","protected":false},"excerpt":{"rendered":"<p>Notre Objectif : Accompagner chaque habitant(e) \u00e0 chaque \u00e9tape de sa vie en garantissant des services publics coh\u00e9rents, solidaires et cr\u00e9ateurs de liens entre les &hellip; <\/p>\n","protected":false},"author":7,"featured_media":0,"parent":0,"menu_order":0,"comment_status":"closed","ping_status":"closed","template":"","meta":{"footnotes":""},"class_list":["post-1240","page","type-page","status-publish","hentry"],"_links":{"self":[{"href":"http:\/\/www.voreppeavenir.fr\/changeons\/wp-json\/wp\/v2\/pages\/1240","targetHints":{"allow":["GET"]}}],"collection":[{"href":"http:\/\/www.voreppeavenir.fr\/changeons\/wp-json\/wp\/v2\/pages"}],"about":[{"href":"http:\/\/www.voreppeavenir.fr\/changeons\/wp-json\/wp\/v2\/types\/page"}],"author":[{"embeddable":true,"href":"http:\/\/www.voreppeavenir.fr\/changeons\/wp-json\/wp\/v2\/users\/7"}],"replies":[{"embeddable":true,"href":"http:\/\/www.voreppeavenir.fr\/changeons\/wp-json\/wp\/v2\/comments?post=1240"}],"version-history":[{"count":4,"href":"http:\/\/www.voreppeavenir.fr\/changeons\/wp-json\/wp\/v2\/pages\/1240\/revisions"}],"predecessor-version":[{"id":1406,"href":"http:\/\/www.voreppeavenir.fr\/changeons\/wp-json\/wp\/v2\/pages\/1240\/revisions\/1406"}],"wp:attachment":[{"href":"http:\/\/www.voreppeavenir.fr\/changeons\/wp-json\/wp\/v2\/media?parent=1240"}],"curies":[{"name":"wp","href":"https:\/\/api.w.org\/{rel}","templated":true}]}}