{"id":1235,"date":"2026-02-26T07:27:19","date_gmt":"2026-02-26T06:27:19","guid":{"rendered":"http:\/\/www.voreppeavenir.fr\/changeons\/?page_id=1235"},"modified":"2026-02-27T17:11:37","modified_gmt":"2026-02-27T16:11:37","slug":"le-programme-dynamiser-la-vie-locale","status":"publish","type":"page","link":"http:\/\/www.voreppeavenir.fr\/changeons\/le-programme-dynamiser-la-vie-locale\/","title":{"rendered":"Le programme &#8211; Dynamiser la vie locale"},"content":{"rendered":"<p><strong>Notre Objectif :<\/strong> Donner \u00e0 chacun acc\u00e8s \u00e0 la culture, au sport et aux loisirs, et soutenir la vitalit\u00e9 associative, commer\u00e7ante et \u00e9conomique.<\/p>\n<ul>\n<li><a href=\"http:\/\/www.voreppeavenir.fr\/changeons\/wp-content\/uploads\/2026\/02\/13_programme_VoreppeAvenir_Changeons_print.pdf\" target=\"_blank\">Animer la vie locale<\/a><\/li>\n<li><a href=\"http:\/\/www.voreppeavenir.fr\/changeons\/wp-content\/uploads\/2026\/02\/14_programme_VoreppeAvenir_Changeons_print.pdf\" target=\"_blank\">Moderniser les infrastructures culturelles et sportives<\/a><\/li>\n<li><a href=\"http:\/\/www.voreppeavenir.fr\/changeons\/wp-content\/uploads\/2026\/02\/15_programme_VoreppeAvenir_Changeons_print.pdf\" target=\"_blank\">S\u2019engager pour un centre-bourg vivant et dynamique<\/a><\/li>\n<\/ul>\n<p><strong>Focus sur &#8230;<\/strong><\/p>\n<ul>\n<li>Un comit\u00e9 des f\u00eates citoyen pour animer Voreppe.<\/li>\n<li>Le Chevalon au quotidien : co-construire un futur p\u00f4le de vie.<\/li>\n<li>Le projet de la place Armand-Pugnot.<\/li>\n<\/ul>\n<div style=\"text-align: right;\"><a href=\"http:\/\/www.voreppeavenir.fr\/changeons\/notre-programme\/\">Retour au programme<\/a><\/div>\n<hr \/>\n<p><img decoding=\"async\" class=\"aligncenter size-full wp-image-1145\" src=\"http:\/\/www.voreppeavenir.fr\/changeons\/wp-content\/uploads\/2026\/02\/programme_VoreppeAvenir_Changeons_print-13.png\" alt=\"\" width=\"80%\" \/><br \/>\n<img decoding=\"async\" class=\"aligncenter size-full wp-image-1146\" src=\"http:\/\/www.voreppeavenir.fr\/changeons\/wp-content\/uploads\/2026\/02\/programme_VoreppeAvenir_Changeons_print-14.png\" alt=\"\" width=\"80%\" \/><br \/>\n<img decoding=\"async\" class=\"aligncenter size-full wp-image-1147\" src=\"http:\/\/www.voreppeavenir.fr\/changeons\/wp-content\/uploads\/2026\/02\/programme_VoreppeAvenir_Changeons_print-15.png\" alt=\"\" width=\"1241\" height=\"80%\" \/><\/p>\n<div style=\"text-align: right;\"><a href=\"http:\/\/www.voreppeavenir.fr\/changeons\/notre-programme\/\">Retour au programme<\/a><\/div>\n","protected":false},"excerpt":{"rendered":"<p>Notre Objectif : Donner \u00e0 chacun acc\u00e8s \u00e0 la culture, au sport et aux loisirs, et soutenir la vitalit\u00e9 associative, commer\u00e7ante et \u00e9conomique. Animer la &hellip; <\/p>\n","protected":false},"author":7,"featured_media":0,"parent":0,"menu_order":0,"comment_status":"closed","ping_status":"closed","template":"","meta":{"footnotes":""},"class_list":["post-1235","page","type-page","status-publish","hentry"],"_links":{"self":[{"href":"http:\/\/www.voreppeavenir.fr\/changeons\/wp-json\/wp\/v2\/pages\/1235","targetHints":{"allow":["GET"]}}],"collection":[{"href":"http:\/\/www.voreppeavenir.fr\/changeons\/wp-json\/wp\/v2\/pages"}],"about":[{"href":"http:\/\/www.voreppeavenir.fr\/changeons\/wp-json\/wp\/v2\/types\/page"}],"author":[{"embeddable":true,"href":"http:\/\/www.voreppeavenir.fr\/changeons\/wp-json\/wp\/v2\/users\/7"}],"replies":[{"embeddable":true,"href":"http:\/\/www.voreppeavenir.fr\/changeons\/wp-json\/wp\/v2\/comments?post=1235"}],"version-history":[{"count":5,"href":"http:\/\/www.voreppeavenir.fr\/changeons\/wp-json\/wp\/v2\/pages\/1235\/revisions"}],"predecessor-version":[{"id":1405,"href":"http:\/\/www.voreppeavenir.fr\/changeons\/wp-json\/wp\/v2\/pages\/1235\/revisions\/1405"}],"wp:attachment":[{"href":"http:\/\/www.voreppeavenir.fr\/changeons\/wp-json\/wp\/v2\/media?parent=1235"}],"curies":[{"name":"wp","href":"https:\/\/api.w.org\/{rel}","templated":true}]}}