{"id":1233,"date":"2026-02-26T07:22:31","date_gmt":"2026-02-26T06:22:31","guid":{"rendered":"http:\/\/www.voreppeavenir.fr\/changeons\/?page_id=1233"},"modified":"2026-02-27T17:12:56","modified_gmt":"2026-02-27T16:12:56","slug":"le-programme-proteger-et-accompagner","status":"publish","type":"page","link":"http:\/\/www.voreppeavenir.fr\/changeons\/le-programme-proteger-et-accompagner\/","title":{"rendered":"Le programme &#8211; Prot\u00e9ger et accompagner"},"content":{"rendered":"<p><strong>Notre Objectif :<\/strong> Faire de notre commune un territoire o\u00f9 chacun se sent prot\u00e9g\u00e9, \u00e9cout\u00e9 et accompagn\u00e9, notamment dans les moments de fragilit\u00e9.<\/p>\n<ul>\n<li><a href=\"http:\/\/www.voreppeavenir.fr\/changeons\/wp-content\/uploads\/2026\/02\/8_programme_VoreppeAvenir_Changeons_print.pdf\" target=\"_blank\">Renforcer la tranquillit\u00e9 publique et pr\u00e9venir les incivilit\u00e9s<\/a><\/li>\n<li><a href=\"http:\/\/www.voreppeavenir.fr\/changeons\/wp-content\/uploads\/2026\/02\/9_programme_VoreppeAvenir_Changeons_print.pdf\" target=\"_blank\">Soutenir les habitants face aux difficult\u00e9s du quotidien<\/a><\/li>\n<li><a href=\"http:\/\/www.voreppeavenir.fr\/changeons\/wp-content\/uploads\/2026\/02\/10_programme_VoreppeAvenir_Changeons_print.pdf\" target=\"_blank\">Pr\u00e9venir les risques naturels et technologiques<\/a><\/li>\n<li><a href=\"http:\/\/www.voreppeavenir.fr\/changeons\/wp-content\/uploads\/2026\/02\/11_programme_VoreppeAvenir_Changeons_print.pdf\" target=\"_blank\">S\u2019investir dans l\u2019action locale en sant\u00e9 publique<\/a><\/li>\n<li><a href=\"http:\/\/www.voreppeavenir.fr\/changeons\/wp-content\/uploads\/2026\/02\/12_programme_VoreppeAvenir_Changeons_print.pdf\" target=\"_blank\">S\u2018engager pour une alimentation saine et s\u00fbre<\/a><\/li>\n<\/ul>\n<p><strong>Focus sur &#8230;<\/strong><\/p>\n<ul>\n<li>La gestion des d\u00e9chets.<\/li>\n<li>Une information \u00e0 la hauteur des besoins.<\/li>\n<li>Nos actions contre la prolif\u00e9ration des moustiques, frelons&#8230;<\/li>\n<li>L\u2019activit\u00e9 physique pour tous : un atout pour la sant\u00e9.<\/li>\n<li>Un projet de cuisine centrale intercommunale.<\/li>\n<\/ul>\n<div style=\"text-align: right;\"><a href=\"http:\/\/www.voreppeavenir.fr\/changeons\/notre-programme\/\">Retour au programme<\/a><\/div>\n<hr \/>\n<p><img decoding=\"async\" class=\"aligncenter size-full wp-image-1145\" src=\"http:\/\/www.voreppeavenir.fr\/changeons\/wp-content\/uploads\/2026\/02\/programme_VoreppeAvenir_Changeons_print-08.png\" alt=\"\" width=\"80%\" \/><br \/>\n<img decoding=\"async\" class=\"aligncenter size-full wp-image-1146\" src=\"http:\/\/www.voreppeavenir.fr\/changeons\/wp-content\/uploads\/2026\/02\/programme_VoreppeAvenir_Changeons_print-09.png\" alt=\"\" width=\"80%\" \/><br \/>\n<img decoding=\"async\" class=\"aligncenter size-full wp-image-1147\" src=\"http:\/\/www.voreppeavenir.fr\/changeons\/wp-content\/uploads\/2026\/02\/programme_VoreppeAvenir_Changeons_print-10.png\" alt=\"\" width=\"1241\" height=\"80%\" \/><br \/>\n<img decoding=\"async\" class=\"aligncenter size-full wp-image-1148\" src=\"http:\/\/www.voreppeavenir.fr\/changeons\/wp-content\/uploads\/2026\/02\/programme_VoreppeAvenir_Changeons_print-11.png\" alt=\"\" width=\"80%\" \/><br \/>\n<img decoding=\"async\" class=\"aligncenter size-full wp-image-1148\" src=\"http:\/\/www.voreppeavenir.fr\/changeons\/wp-content\/uploads\/2026\/02\/programme_VoreppeAvenir_Changeons_print-12.png\" alt=\"\" width=\"80%\" \/><\/p>\n<div style=\"text-align: right;\"><a href=\"http:\/\/www.voreppeavenir.fr\/changeons\/notre-programme\/\">Retour au programme<\/a><\/div>\n","protected":false},"excerpt":{"rendered":"<p>Notre Objectif : Faire de notre commune un territoire o\u00f9 chacun se sent prot\u00e9g\u00e9, \u00e9cout\u00e9 et accompagn\u00e9, notamment dans les moments de fragilit\u00e9. Renforcer la &hellip; <\/p>\n","protected":false},"author":7,"featured_media":0,"parent":0,"menu_order":0,"comment_status":"closed","ping_status":"closed","template":"","meta":{"footnotes":""},"class_list":["post-1233","page","type-page","status-publish","hentry"],"_links":{"self":[{"href":"http:\/\/www.voreppeavenir.fr\/changeons\/wp-json\/wp\/v2\/pages\/1233","targetHints":{"allow":["GET"]}}],"collection":[{"href":"http:\/\/www.voreppeavenir.fr\/changeons\/wp-json\/wp\/v2\/pages"}],"about":[{"href":"http:\/\/www.voreppeavenir.fr\/changeons\/wp-json\/wp\/v2\/types\/page"}],"author":[{"embeddable":true,"href":"http:\/\/www.voreppeavenir.fr\/changeons\/wp-json\/wp\/v2\/users\/7"}],"replies":[{"embeddable":true,"href":"http:\/\/www.voreppeavenir.fr\/changeons\/wp-json\/wp\/v2\/comments?post=1233"}],"version-history":[{"count":4,"href":"http:\/\/www.voreppeavenir.fr\/changeons\/wp-json\/wp\/v2\/pages\/1233\/revisions"}],"predecessor-version":[{"id":1410,"href":"http:\/\/www.voreppeavenir.fr\/changeons\/wp-json\/wp\/v2\/pages\/1233\/revisions\/1410"}],"wp:attachment":[{"href":"http:\/\/www.voreppeavenir.fr\/changeons\/wp-json\/wp\/v2\/media?parent=1233"}],"curies":[{"name":"wp","href":"https:\/\/api.w.org\/{rel}","templated":true}]}}