{"id":1213,"date":"2026-02-26T06:38:24","date_gmt":"2026-02-26T05:38:24","guid":{"rendered":"http:\/\/www.voreppeavenir.fr\/changeons\/?page_id=1213"},"modified":"2026-02-27T17:11:06","modified_gmt":"2026-02-27T16:11:06","slug":"le-programme-accueillir-rapprocher-et-sadapter","status":"publish","type":"page","link":"http:\/\/www.voreppeavenir.fr\/changeons\/le-programme-accueillir-rapprocher-et-sadapter\/","title":{"rendered":"Le programme &#8211; Accueillir, rapprocher et s\u2019adapter"},"content":{"rendered":"<p><strong>Notre Objectif :<\/strong> Cr\u00e9er un cadre de vie apais\u00e9 et sain o\u00f9 chacun trouve sa place gr\u00e2ce \u00e0 un urbanisme et des mobilit\u00e9s mieux pens\u00e9s.<\/p>\n<ul>\n<li><a href=\"http:\/\/www.voreppeavenir.fr\/changeons\/wp-content\/uploads\/2026\/02\/4_programme_VoreppeAvenir_Changeons_print.pdf\" target=\"_blank\">Proposer un cadre urbain agr\u00e9able, des logements adapt\u00e9s et accessibles<\/a><\/li>\n<li><a href=\"http:\/\/www.voreppeavenir.fr\/changeons\/wp-content\/uploads\/2026\/02\/5_programme_VoreppeAvenir_Changeons_print.pdf\" target=\"_blank\">Repenser l\u2019espace public pour retrouver confort et convivialit\u00e9<\/a><\/li>\n<li><a href=\"http:\/\/www.voreppeavenir.fr\/changeons\/wp-content\/uploads\/2026\/02\/6_programme_VoreppeAvenir_Changeons_print.pdf\" target=\"_blank\">S\u00e9curiser les d\u00e9placements et renforcer l\u2019autonomie<\/a><\/li>\n<li><a href=\"http:\/\/www.voreppeavenir.fr\/changeons\/wp-content\/uploads\/2026\/02\/7_programme_VoreppeAvenir_Changeons_print.pdf\" target=\"_blank\">Adapter le patrimoine municipal aux besoins et aux enjeux<\/a><\/li>\n<\/ul>\n<p><strong>Focus sur &#8230;<\/strong><\/p>\n<ul>\n<li>La modification du PLU pour 2028, l\u2019opportunit\u00e9 d\u2019un large d\u00e9bat public sur \u00ab Quel Voreppe pour demain ? \u00bb &#8211; Reprendre la main sur notre urbanisme<\/li>\n<li>Un plan ambitieux de v\u00e9g\u00e9talisation. Nous \u00e9tendrons notre patrimoine arbor\u00e9 et d\u00e9velopperons de v\u00e9ritables \u00eelots de fra\u00eecheur.<\/li>\n<li>Les infrastructures et d\u00e9placements.<\/li>\n<li>Une plus grande autonomie \u00e9nerg\u00e9tique.<\/li>\n<\/ul>\n<div style=\"text-align: right;\"><a href=\"http:\/\/www.voreppeavenir.fr\/changeons\/notre-programme\/\">Retour au programme<\/a><\/div>\n<hr \/>\n<p><img decoding=\"async\" class=\"aligncenter size-full wp-image-1145\" src=\"http:\/\/www.voreppeavenir.fr\/changeons\/wp-content\/uploads\/2026\/02\/programme_VoreppeAvenir_Changeons_print-04.png\" alt=\"\" width=\"80%\" \/><br \/>\n<img decoding=\"async\" class=\"aligncenter size-full wp-image-1146\" src=\"http:\/\/www.voreppeavenir.fr\/changeons\/wp-content\/uploads\/2026\/02\/programme_VoreppeAvenir_Changeons_print-05.png\" alt=\"\" width=\"80%\" \/><br \/>\n<img decoding=\"async\" class=\"aligncenter size-full wp-image-1147\" src=\"http:\/\/www.voreppeavenir.fr\/changeons\/wp-content\/uploads\/2026\/02\/programme_VoreppeAvenir_Changeons_print-06.png\" alt=\"\" width=\"1241\" height=\"80%\" \/> <img decoding=\"async\" class=\"aligncenter size-full wp-image-1148\" src=\"http:\/\/www.voreppeavenir.fr\/changeons\/wp-content\/uploads\/2026\/02\/programme_VoreppeAvenir_Changeons_print-07.png\" alt=\"\" width=\"80%\" \/><\/p>\n<div style=\"text-align: right;\"><a href=\"http:\/\/www.voreppeavenir.fr\/changeons\/notre-programme\/\">Retour au programme<\/a><\/div>\n","protected":false},"excerpt":{"rendered":"<p>Notre Objectif : Cr\u00e9er un cadre de vie apais\u00e9 et sain o\u00f9 chacun trouve sa place gr\u00e2ce \u00e0 un urbanisme et des mobilit\u00e9s mieux pens\u00e9s. &hellip; <\/p>\n","protected":false},"author":7,"featured_media":0,"parent":0,"menu_order":0,"comment_status":"closed","ping_status":"closed","template":"","meta":{"footnotes":""},"class_list":["post-1213","page","type-page","status-publish","hentry"],"_links":{"self":[{"href":"http:\/\/www.voreppeavenir.fr\/changeons\/wp-json\/wp\/v2\/pages\/1213","targetHints":{"allow":["GET"]}}],"collection":[{"href":"http:\/\/www.voreppeavenir.fr\/changeons\/wp-json\/wp\/v2\/pages"}],"about":[{"href":"http:\/\/www.voreppeavenir.fr\/changeons\/wp-json\/wp\/v2\/types\/page"}],"author":[{"embeddable":true,"href":"http:\/\/www.voreppeavenir.fr\/changeons\/wp-json\/wp\/v2\/users\/7"}],"replies":[{"embeddable":true,"href":"http:\/\/www.voreppeavenir.fr\/changeons\/wp-json\/wp\/v2\/comments?post=1213"}],"version-history":[{"count":8,"href":"http:\/\/www.voreppeavenir.fr\/changeons\/wp-json\/wp\/v2\/pages\/1213\/revisions"}],"predecessor-version":[{"id":1403,"href":"http:\/\/www.voreppeavenir.fr\/changeons\/wp-json\/wp\/v2\/pages\/1213\/revisions\/1403"}],"wp:attachment":[{"href":"http:\/\/www.voreppeavenir.fr\/changeons\/wp-json\/wp\/v2\/media?parent=1213"}],"curies":[{"name":"wp","href":"https:\/\/api.w.org\/{rel}","templated":true}]}}