{"id":118,"date":"2025-10-06T20:40:11","date_gmt":"2025-10-06T18:40:11","guid":{"rendered":"http:\/\/www.voreppeavenir.fr\/changeons\/?page_id=118"},"modified":"2026-01-11T18:23:52","modified_gmt":"2026-01-11T17:23:52","slug":"rejoignez-nous","status":"publish","type":"page","link":"http:\/\/www.voreppeavenir.fr\/changeons\/rejoignez-nous\/","title":{"rendered":"Rejoignez-nous !"},"content":{"rendered":"\n<div class=\"wp-block-media-text has-media-on-the-right is-stacked-on-mobile has-background\" style=\"background-color:#d3bfb042;grid-template-columns:auto 30%\"><div class=\"wp-block-media-text__content\">\n<p><\/p>\n\n\n\n<div class=\"wp-block-group\"><div class=\"wp-block-group__inner-container is-layout-constrained wp-block-group-is-layout-constrained\">\n<div class=\"wp-block-group\"><div class=\"wp-block-group__inner-container is-layout-constrained wp-block-group-is-layout-constrained\">\n<ul style=\"font-size:25px\" class=\"wp-block-list\">\n<li>Vous avez l\u2019esprit collectif&nbsp;?<\/li>\n\n\n\n<li>Vous avez envie de redonner un bel avenir \u00e0 notre commune&nbsp;?<\/li>\n\n\n\n<li>Vous avez envie de partager une aventure humaine ?<\/li>\n<\/ul>\n<\/div><\/div>\n<\/div><\/div>\n<\/div><figure class=\"wp-block-media-text__media\"><img loading=\"lazy\" decoding=\"async\" width=\"600\" height=\"400\" src=\"http:\/\/www.voreppeavenir.fr\/changeons\/wp-content\/uploads\/2025\/11\/Rejoignez-nous_light.png\" alt=\"\" class=\"wp-image-392 size-full\" srcset=\"http:\/\/www.voreppeavenir.fr\/changeons\/wp-content\/uploads\/2025\/11\/Rejoignez-nous_light.png 600w, http:\/\/www.voreppeavenir.fr\/changeons\/wp-content\/uploads\/2025\/11\/Rejoignez-nous_light-300x200.png 300w\" sizes=\"auto, (max-width: 600px) 100vw, 600px\" \/><\/figure><\/div>\n\n\n<h5 style=\"text-align: left;\"><strong>\u00a0 \u00a0 \u00a0 \u00a0 \u00a0 \u00a0 \u00a0 \u00a0 \u00a0Selon vos envies et vos disponibilit\u00e9s, vous pouvez :<\/strong><\/h5>\n\n\n<div class=\"wp-block-columns is-layout-flex wp-container-core-columns-is-layout-9d6595d7 wp-block-columns-is-layout-flex\">\n<div class=\"wp-block-column is-layout-flow wp-block-column-is-layout-flow\" style=\"flex-basis:180px\"><div class=\"wp-block-image\">\n<figure class=\"aligncenter size-full is-resized\"><img loading=\"lazy\" decoding=\"async\" width=\"363\" height=\"335\" src=\"http:\/\/www.voreppeavenir.fr\/changeons\/wp-content\/uploads\/2025\/11\/Soutien.png\" alt=\"\" class=\"wp-image-366\" style=\"width:106px;height:auto\" srcset=\"http:\/\/www.voreppeavenir.fr\/changeons\/wp-content\/uploads\/2025\/11\/Soutien.png 363w, http:\/\/www.voreppeavenir.fr\/changeons\/wp-content\/uploads\/2025\/11\/Soutien-300x277.png 300w\" sizes=\"auto, (max-width: 363px) 100vw, 363px\" \/><\/figure>\n<\/div>\n\n\n<h2 class=\"wp-block-heading has-text-align-center has-vivid-red-color has-text-color has-link-color wp-elements-bfcb676dfff5ed3472e30e41ee6e183b\" style=\"font-size:25px\"><strong>Soutenir<\/strong> le collectif<\/h2>\n<\/div>\n\n\n\n<div class=\"wp-block-column is-vertically-aligned-bottom is-layout-flow wp-block-column-is-layout-flow\" style=\"flex-basis:180px\">\n<div class=\"wp-block-group\"><div class=\"wp-block-group__inner-container is-layout-constrained wp-block-group-is-layout-constrained\"><div class=\"wp-block-image\">\n<figure class=\"aligncenter size-full is-resized\"><img loading=\"lazy\" decoding=\"async\" width=\"582\" height=\"424\" src=\"http:\/\/www.voreppeavenir.fr\/changeons\/wp-content\/uploads\/2025\/11\/idee-1.jpg\" alt=\"\" class=\"wp-image-349\" style=\"width:141px;height:auto\" srcset=\"http:\/\/www.voreppeavenir.fr\/changeons\/wp-content\/uploads\/2025\/11\/idee-1.jpg 582w, http:\/\/www.voreppeavenir.fr\/changeons\/wp-content\/uploads\/2025\/11\/idee-1-300x219.jpg 300w\" sizes=\"auto, (max-width: 582px) 100vw, 582px\" \/><\/figure>\n<\/div>\n\n\n<h2 class=\"wp-block-heading has-text-align-center\" style=\"font-size:25px\">Apporter vos <strong>id\u00e9es<\/strong><\/h2>\n<\/div><\/div>\n<\/div>\n\n\n\n<div class=\"wp-block-column is-layout-flow wp-block-column-is-layout-flow\" style=\"flex-basis:180px\">\n<h2 class=\"wp-block-heading has-text-align-center has-text-color has-link-color wp-elements-3ec01d4d3e25f8e852745789c15af61f\" style=\"color:#c94969;font-size:25px\"><strong>Int\u00e9grer<\/strong> un groupe de travail<\/h2>\n\n\n<div class=\"wp-block-image\">\n<figure class=\"aligncenter size-full is-resized\"><img loading=\"lazy\" decoding=\"async\" width=\"227\" height=\"203\" src=\"http:\/\/www.voreppeavenir.fr\/changeons\/wp-content\/uploads\/2025\/11\/GT.png\" alt=\"\" class=\"wp-image-360\" style=\"width:137px;height:auto\"\/><\/figure>\n<\/div><\/div>\n\n\n\n<div class=\"wp-block-column is-vertically-aligned-center has-black-color has-text-color has-link-color wp-elements-66067975c095c64ab6ed04c0a3ad4189 is-layout-flow wp-block-column-is-layout-flow\" style=\"flex-basis:180px\"><div class=\"wp-block-image\">\n<figure class=\"aligncenter size-full\"><img loading=\"lazy\" decoding=\"async\" width=\"537\" height=\"373\" src=\"http:\/\/www.voreppeavenir.fr\/changeons\/wp-content\/uploads\/2025\/11\/Ensemble.png\" alt=\"\" class=\"wp-image-363\" srcset=\"http:\/\/www.voreppeavenir.fr\/changeons\/wp-content\/uploads\/2025\/11\/Ensemble.png 537w, http:\/\/www.voreppeavenir.fr\/changeons\/wp-content\/uploads\/2025\/11\/Ensemble-300x208.png 300w\" sizes=\"auto, (max-width: 537px) 100vw, 537px\" \/><\/figure>\n<\/div>\n\n\n<h2 class=\"wp-block-heading has-text-align-center\" style=\"font-size:25px\">Venir avec vos <strong>savoir-faire<\/strong><\/h2>\n<\/div>\n\n\n\n<div class=\"wp-block-column is-layout-flow wp-block-column-is-layout-flow\" style=\"flex-basis:180px\">\n<h2 class=\"wp-block-heading has-text-align-center has-black-color has-text-color has-link-color wp-elements-cdd89435351e87eadd0303a3da1a86b9\" style=\"font-size:25px\"><strong>Rejoindre<\/strong> la liste pour les <\/h2>\n\n\n<div class=\"wp-block-image\">\n<figure class=\"aligncenter size-full\"><img loading=\"lazy\" decoding=\"async\" width=\"833\" height=\"358\" src=\"http:\/\/www.voreppeavenir.fr\/changeons\/wp-content\/uploads\/2025\/11\/image-1.png\" alt=\"\" class=\"wp-image-347\" srcset=\"http:\/\/www.voreppeavenir.fr\/changeons\/wp-content\/uploads\/2025\/11\/image-1.png 833w, http:\/\/www.voreppeavenir.fr\/changeons\/wp-content\/uploads\/2025\/11\/image-1-300x129.png 300w, http:\/\/www.voreppeavenir.fr\/changeons\/wp-content\/uploads\/2025\/11\/image-1-768x330.png 768w\" sizes=\"auto, (max-width: 833px) 100vw, 833px\" \/><\/figure>\n<\/div>\n\n\n<h2 class=\"wp-block-heading has-text-align-center has-vivid-red-color has-text-color has-link-color wp-elements-be45c00d9bffce64d450662e491926b6\" style=\"font-size:25px\">Municipales 2026<\/h2>\n<\/div>\n<\/div>\n\n\n\n<h2 class=\"wp-block-heading\" style=\"font-size:24px\"><span style=\"font-size: large;\">Quel que soit votre degr\u00e9 d\u2019investissement, <\/span><span style=\"font-size: large;\">venez apporter une pierre \u00e0 un <\/span>projet collectif&nbsp;pour faire \u00e9voluer la ville autrement<\/h2>\n\n\n\n<p class=\"has-large-font-size\"><strong>N&rsquo;h\u00e9sitez pas \u00e0 <\/strong><a href=\"http:\/\/www.voreppeavenir.fr\/changeons\/nous-contacter\/\" data-type=\"page\" data-id=\"25\">Nous contacter<\/a><\/p>\n\n\n\n<p><\/p>\n","protected":false},"excerpt":{"rendered":"<p>\u00a0 \u00a0 \u00a0 \u00a0 \u00a0 \u00a0 \u00a0 \u00a0 \u00a0Selon vos envies et vos disponibilit\u00e9s, vous pouvez : Soutenir le collectif Apporter vos id\u00e9es Int\u00e9grer un &hellip; <\/p>\n","protected":false},"author":7,"featured_media":0,"parent":0,"menu_order":0,"comment_status":"closed","ping_status":"closed","template":"","meta":{"footnotes":""},"class_list":["post-118","page","type-page","status-publish","hentry"],"_links":{"self":[{"href":"http:\/\/www.voreppeavenir.fr\/changeons\/wp-json\/wp\/v2\/pages\/118","targetHints":{"allow":["GET"]}}],"collection":[{"href":"http:\/\/www.voreppeavenir.fr\/changeons\/wp-json\/wp\/v2\/pages"}],"about":[{"href":"http:\/\/www.voreppeavenir.fr\/changeons\/wp-json\/wp\/v2\/types\/page"}],"author":[{"embeddable":true,"href":"http:\/\/www.voreppeavenir.fr\/changeons\/wp-json\/wp\/v2\/users\/7"}],"replies":[{"embeddable":true,"href":"http:\/\/www.voreppeavenir.fr\/changeons\/wp-json\/wp\/v2\/comments?post=118"}],"version-history":[{"count":20,"href":"http:\/\/www.voreppeavenir.fr\/changeons\/wp-json\/wp\/v2\/pages\/118\/revisions"}],"predecessor-version":[{"id":498,"href":"http:\/\/www.voreppeavenir.fr\/changeons\/wp-json\/wp\/v2\/pages\/118\/revisions\/498"}],"wp:attachment":[{"href":"http:\/\/www.voreppeavenir.fr\/changeons\/wp-json\/wp\/v2\/media?parent=118"}],"curies":[{"name":"wp","href":"https:\/\/api.w.org\/{rel}","templated":true}]}}