{"id":1138,"date":"2026-02-26T06:17:17","date_gmt":"2026-02-26T05:17:17","guid":{"rendered":"http:\/\/www.voreppeavenir.fr\/changeons\/?page_id=1138"},"modified":"2026-02-27T15:49:03","modified_gmt":"2026-02-27T14:49:03","slug":"notre-programme","status":"publish","type":"page","link":"http:\/\/www.voreppeavenir.fr\/changeons\/notre-programme\/","title":{"rendered":"Notre programme"},"content":{"rendered":"<p><img decoding=\"async\" class=\"alignright size-full wp-image-1143\" src=\"http:\/\/www.voreppeavenir.fr\/changeons\/wp-content\/uploads\/2026\/02\/programme_VoreppeAvenir_Changeons_print-02.png\" alt=\"\" width=\"45%\" \/>Il est imprim\u00e9 et distribu\u00e9 en ces premiers jours de mars !<\/p>\n<p>Issu de nombreuses r\u00e9unions publiques, aliment\u00e9 gr\u00e2ce \u00e0 un travail collectif riche depuis plus d&rsquo;un an, notre programme exprime une vision claire et coh\u00e9rente pour Voreppe.<\/p>\n<p>Sur chaque sujet, nous sommes partis d&rsquo;un constat de ce qui nous para\u00eet manquer aujourd&rsquo;hui pour Voreppe ou de ce qui nous para\u00eet mal r\u00e9alis\u00e9 pour garantir un avenir serein \u00e0 chacun.<\/p>\n<p>Il est long et fourni (oui, les id\u00e9es ont foisonn\u00e9 !) car nous avons souhait\u00e9 faire des propositions concr\u00e8tes \u00e9tay\u00e9es par des focus qui \u00e9clairent des sujets importants.<\/p>\n<p>N&rsquo;h\u00e9sitez pas \u00e0 en prendre connaissance \u00e0 votre rythme.<br \/>\nVous pouvez <a href=\"http:\/\/www.voreppeavenir.fr\/changeons\/wp-content\/uploads\/2026\/02\/programme_VoreppeAvenir_Changeons_print.pdf\" target=\"_blank\" rel=\"noopener\">le t\u00e9l\u00e9charger en int\u00e9gralit\u00e9 en suivant ce lien<\/a>.<\/p>\n<p><strong>Voici son contenu d\u00e9taill\u00e9 par th\u00e9matique<\/strong><\/p>\n<ul>\n<li><strong><a href=\"http:\/\/www.voreppeavenir.fr\/changeons\/le-programme-introduction\/\" target=\"_blank\" rel=\"noopener\">Introduction de Fabienne Sentis<\/a><\/strong><\/li>\n<li><strong><a href=\"http:\/\/www.voreppeavenir.fr\/changeons\/le-programme-accueillir-rapprocher-et-sadapter\/\" target=\"_blank\" rel=\"noopener\">Accueillir, rapprocher et s\u2019adapter<\/a><\/strong><br \/>\nCr\u00e9er un cadre de vie apais\u00e9 et sain o\u00f9 chacun trouve sa place gr\u00e2ce \u00e0 un urbanisme et des mobilit\u00e9s mieux pens\u00e9s.<\/li>\n<li><strong><a href=\"http:\/\/www.voreppeavenir.fr\/changeons\/le-programme-proteger-et-accompagner\/\" target=\"_blank\" rel=\"noopener\">Prot\u00e9ger et accompagner<\/a><\/strong><br \/>\nFaire de notre commune un territoire o\u00f9 chacun(e) se sent prot\u00e9g\u00e9, \u00e9cout\u00e9 et accompagn\u00e9, notamment dans les moments de fragilit\u00e9.<\/li>\n<li><strong><a href=\"http:\/\/www.voreppeavenir.fr\/changeons\/le-programme-dynamiser-la-vie-locale\/\" target=\"_blank\" rel=\"noopener\">Dynamiser la vie locale<\/a><\/strong><br \/>\nDonner \u00e0 chacun(e) acc\u00e8s \u00e0 la culture, au sport et aux loisirs, et soutenir la vitalit\u00e9 associative, commer\u00e7ante et \u00e9conomique.<\/li>\n<li><strong><a href=\"http:\/\/www.voreppeavenir.fr\/changeons\/le-programme-donner-la-parole-et-ecouter\/\" target=\"_blank\" rel=\"noopener\">Donner la parole et \u00e9couter<\/a><\/strong><br \/>\nInstaurer une organisation de la vie municipale transparente, ouverte et participative, favorisant la parole, l\u2019\u00e9coute et l\u2019implication active de chaque habitant dans les d\u00e9cisions locales.<\/li>\n<li><strong><a href=\"http:\/\/www.voreppeavenir.fr\/changeons\/le-programme-ensemble-a-chaque-etape-de-la-vie\/\" target=\"_blank\" rel=\"noopener\">Ensemble, \u00e0 chaque \u00e9tape de la vie<\/a><\/strong><br \/>\nAccompagner chaque habitant(e) \u00e0 chaque \u00e9tape de sa vie en garantissant des services publics coh\u00e9rents, solidaires et cr\u00e9ateurs de liens entre les g\u00e9n\u00e9rations.<\/li>\n<li><strong><a href=\"http:\/\/www.voreppeavenir.fr\/changeons\/la-programme-maitriser-pour-agir\/\" target=\"_blank\" rel=\"noopener\">Ma\u00eetriser pour agir<\/a><\/strong><br \/>\nUne gestion rigoureuse et proactive de nos finances. Donner une vision saine \u00e0 long terme. Anticiper par une organisation r\u00e9active du pilotage financier.<\/li>\n<li><strong><a href=\"http:\/\/www.voreppeavenir.fr\/changeons\/le-programme-saffirmer\/\" target=\"_blank\" rel=\"noopener\">S\u2019affirmer au Pays Voironnais et au-del\u00e0<\/a><\/strong><br \/>\nAvec ses six \u00e9lus au Pays Voironnais, Voreppe doit r\u00e9affirmer sa position et renforcer la dynamique intercommunale pour la mise en place de projets d\u2019int\u00e9r\u00eat g\u00e9n\u00e9ral dans tous les domaines (mobilit\u00e9, alimentation, logement, enjeux climatiques, culture&#8230;).<\/li>\n<li><strong><a href=\"http:\/\/www.voreppeavenir.fr\/changeons\/le-programme-les-candidats-et-candidates\/\" target=\"_blank\" rel=\"noopener\">Le trombinoscope des candidats<\/a><\/strong><\/li>\n<li><strong><a href=\"http:\/\/www.voreppeavenir.fr\/changeons\/le-programme-la-derniere-page\/\" target=\"_blank\" rel=\"noopener\">La derni\u00e8re page<\/a><\/strong><br \/>\nParce qu&rsquo;il faut bien terminer \u00e0 un moment &#8230;<\/li>\n<\/ul>\n","protected":false},"excerpt":{"rendered":"<p>Il est imprim\u00e9 et distribu\u00e9 en ces premiers jours de mars ! Issu de nombreuses r\u00e9unions publiques, aliment\u00e9 gr\u00e2ce \u00e0 un travail collectif riche depuis &hellip; <\/p>\n","protected":false},"author":7,"featured_media":0,"parent":0,"menu_order":0,"comment_status":"closed","ping_status":"closed","template":"","meta":{"footnotes":""},"class_list":["post-1138","page","type-page","status-publish","hentry"],"_links":{"self":[{"href":"http:\/\/www.voreppeavenir.fr\/changeons\/wp-json\/wp\/v2\/pages\/1138","targetHints":{"allow":["GET"]}}],"collection":[{"href":"http:\/\/www.voreppeavenir.fr\/changeons\/wp-json\/wp\/v2\/pages"}],"about":[{"href":"http:\/\/www.voreppeavenir.fr\/changeons\/wp-json\/wp\/v2\/types\/page"}],"author":[{"embeddable":true,"href":"http:\/\/www.voreppeavenir.fr\/changeons\/wp-json\/wp\/v2\/users\/7"}],"replies":[{"embeddable":true,"href":"http:\/\/www.voreppeavenir.fr\/changeons\/wp-json\/wp\/v2\/comments?post=1138"}],"version-history":[{"count":31,"href":"http:\/\/www.voreppeavenir.fr\/changeons\/wp-json\/wp\/v2\/pages\/1138\/revisions"}],"predecessor-version":[{"id":1382,"href":"http:\/\/www.voreppeavenir.fr\/changeons\/wp-json\/wp\/v2\/pages\/1138\/revisions\/1382"}],"wp:attachment":[{"href":"http:\/\/www.voreppeavenir.fr\/changeons\/wp-json\/wp\/v2\/media?parent=1138"}],"curies":[{"name":"wp","href":"https:\/\/api.w.org\/{rel}","templated":true}]}}