{"id":1070,"date":"2026-02-24T06:18:51","date_gmt":"2026-02-24T05:18:51","guid":{"rendered":"http:\/\/www.voreppeavenir.fr\/changeons\/?page_id=1070"},"modified":"2026-03-25T17:18:43","modified_gmt":"2026-03-25T16:18:43","slug":"accueil-2","status":"publish","type":"page","link":"http:\/\/www.voreppeavenir.fr\/changeons\/","title":{"rendered":""},"content":{"rendered":"\n<div class=\"wp-block-columns is-layout-flex wp-container-core-columns-is-layout-9d6595d7 wp-block-columns-is-layout-flex\">\n<div class=\"wp-block-column is-layout-flow wp-block-column-is-layout-flow\" style=\"flex-basis:100%\">\n<div class=\"wp-block-cover alignfull has-custom-content-position is-position-center-right has-medium-font-size wp-duotone-unset-1\" style=\"margin-top:0;padding-top:25px;padding-right:5vw;padding-bottom:25px;padding-left:5vw;letter-spacing:-4px;min-height:527px;aspect-ratio:unset;\"><img loading=\"lazy\" decoding=\"async\" width=\"1024\" height=\"521\" class=\"wp-block-cover__image-background wp-image-1072 size-full\" alt=\"\" src=\"http:\/\/www.voreppeavenir.fr\/changeons\/wp-content\/uploads\/2026\/02\/VoreppeAvenir_horizontal_reduit.jpg\" style=\"object-position:54% 16%\" data-object-fit=\"cover\" data-object-position=\"54% 16%\" srcset=\"http:\/\/www.voreppeavenir.fr\/changeons\/wp-content\/uploads\/2026\/02\/VoreppeAvenir_horizontal_reduit.jpg 1024w, http:\/\/www.voreppeavenir.fr\/changeons\/wp-content\/uploads\/2026\/02\/VoreppeAvenir_horizontal_reduit-300x153.jpg 300w, http:\/\/www.voreppeavenir.fr\/changeons\/wp-content\/uploads\/2026\/02\/VoreppeAvenir_horizontal_reduit-768x391.jpg 768w\" sizes=\"auto, (max-width: 1024px) 100vw, 1024px\" \/><span aria-hidden=\"true\" class=\"wp-block-cover__background has-background-dim-0 has-background-dim\"><\/span><div class=\"wp-block-cover__inner-container is-layout-flow wp-block-cover-is-layout-flow\">\n<div class=\"wp-block-group is-layout-flex wp-container-core-group-is-layout-87ee99ac wp-block-group-is-layout-flex\">\n<div class=\"wp-block-group wp-container-content-9cfa9a5a\"><div class=\"wp-block-group__inner-container is-layout-flow wp-block-group-is-layout-flow\">\n<p class=\"has-text-align-right margin_banniere has-black-color has-text-color\" style=\"font-size:50px;font-style:normal;font-weight:700;letter-spacing:-2px;line-height:1.1;text-transform:uppercase\"><\/p>\n<\/div><\/div>\n<\/div>\n<\/div><\/div>\n\n\n\n<div style=\"height:50px\" aria-hidden=\"true\" class=\"wp-block-spacer\"><\/div>\n\n\n\n<div class=\"wp-block-columns is-layout-flex wp-container-core-columns-is-layout-9d6595d7 wp-block-columns-is-layout-flex\">\n<div class=\"wp-block-column is-layout-flow wp-block-column-is-layout-flow\"><\/div>\n<\/div>\n\n\n\n<div class=\"wp-block-columns is-layout-flex wp-container-core-columns-is-layout-9d6595d7 wp-block-columns-is-layout-flex\">\n<div class=\"wp-block-column is-layout-flow wp-block-column-is-layout-flow\">\n<blockquote class=\"wp-block-quote alignright is-layout-flow wp-block-quote-is-layout-flow\"><\/blockquote>\n\n\n\n<blockquote class=\"wp-block-quote is-layout-flow wp-block-quote-is-layout-flow\">\n<p><strong>Bonjour \u00e0 toutes et tous,<\/strong><\/p>\n\n\n\n<div style=\"height:20px\" aria-hidden=\"true\" class=\"wp-block-spacer\"><\/div>\n\n\n\n<p>Une page se tourne, une autre s\u2019ouvre m\u00eame si ce n\u2019est pas celle que nous aurions aim\u00e9 construire avec vous.<\/p>\n\n\n\n<div style=\"height:20px\" aria-hidden=\"true\" class=\"wp-block-spacer\"><\/div>\n\n\n\n<p>Je tiens \u00e0 remercier chaleureusement toute l\u2019\u00e9quipe de \u00ab&nbsp;Voreppe&nbsp;Avenir&nbsp;:&nbsp;Changeons&nbsp;!&nbsp;\u00bb pour son dynamisme, son engagement sans faille, et les liens pr\u00e9cieux qui se sont cr\u00e9\u00e9s.<\/p>\n\n\n\n<div style=\"height:20px\" aria-hidden=\"true\" class=\"wp-block-spacer\"><\/div>\n\n\n\n<p>Merci \u00e9galement \u00e0 toutes les personnes qui se sont investies durant plusieurs mois pour construire un programme coh\u00e9rent et ambitieux pour notre commune.<\/p>\n\n\n\n<div style=\"height:19px\" aria-hidden=\"true\" class=\"wp-block-spacer\"><\/div>\n\n\n\n<p><strong>Mes remerciements vont aussi aux Voreppins qui, par leur vote, ont soutenu notre vision pour Voreppe et \u00ab\u00a0au-del\u00e0\u00a0\u00bb notre vision de la soci\u00e9t\u00e9 \u00e0 construire pour demain.<\/strong><\/p>\n<\/blockquote>\n<\/div>\n\n\n\n<div class=\"wp-block-column is-layout-flow wp-block-column-is-layout-flow\">\n<div style=\"height:18px\" aria-hidden=\"true\" class=\"wp-block-spacer\"><\/div>\n\n\n\n<figure class=\"wp-block-image size-full is-resized\"><img loading=\"lazy\" decoding=\"async\" width=\"400\" height=\"289\" src=\"http:\/\/www.voreppeavenir.fr\/changeons\/wp-content\/uploads\/2026\/02\/SENTIS_FABIENNE_reduit.jpg\" alt=\"\" class=\"wp-image-1101\" style=\"aspect-ratio:1.3840623633771496;width:462px;height:auto\" srcset=\"http:\/\/www.voreppeavenir.fr\/changeons\/wp-content\/uploads\/2026\/02\/SENTIS_FABIENNE_reduit.jpg 400w, http:\/\/www.voreppeavenir.fr\/changeons\/wp-content\/uploads\/2026\/02\/SENTIS_FABIENNE_reduit-300x217.jpg 300w\" sizes=\"auto, (max-width: 400px) 100vw, 400px\" \/><\/figure>\n\n\n\n<div style=\"height:53px\" aria-hidden=\"true\" class=\"wp-block-spacer\"><\/div>\n\n\n\n<div class=\"wp-block-buttons is-content-justification-left is-layout-flex wp-container-core-buttons-is-layout-578ad838 wp-block-buttons-is-layout-flex\">\n<div class=\"wp-block-button\"><a class=\"wp-block-button__link has-white-color has-text-color has-background has-link-color has-text-align-center wp-element-button\" href=\"http:\/\/www.voreppeavenir.fr\/changeons\/merci\/\" style=\"background-color:#ff8000\">Lire la suite &#8230;<\/a><\/div>\n<\/div>\n<\/div>\n<\/div>\n\n\n\n<div style=\"height:100px\" aria-hidden=\"true\" class=\"wp-block-spacer\"><\/div>\n\n\n\n<div class=\"wp-block-columns is-layout-flex wp-container-core-columns-is-layout-9d6595d7 wp-block-columns-is-layout-flex\">\n<div class=\"wp-block-column is-layout-flow wp-block-column-is-layout-flow\">\n<div class=\"wp-block-columns is-layout-flex wp-container-core-columns-is-layout-9d6595d7 wp-block-columns-is-layout-flex\">\n<div class=\"wp-block-column is-layout-flow wp-block-column-is-layout-flow\">\n<div style=\"height:44px\" aria-hidden=\"true\" class=\"wp-block-spacer\"><\/div>\n\n\n<div class=\"wp-block-image is-style-rounded\">\n<figure class=\"aligncenter size-full\"><a href=\"http:\/\/www.voreppeavenir.fr\/changeons\/le-programme\/\"><img loading=\"lazy\" decoding=\"async\" width=\"400\" height=\"289\" src=\"http:\/\/www.voreppeavenir.fr\/changeons\/wp-content\/uploads\/2026\/02\/SENTIS_FABIENNE_reduit.jpg\" alt=\"\" class=\"wp-image-1101\" srcset=\"http:\/\/www.voreppeavenir.fr\/changeons\/wp-content\/uploads\/2026\/02\/SENTIS_FABIENNE_reduit.jpg 400w, http:\/\/www.voreppeavenir.fr\/changeons\/wp-content\/uploads\/2026\/02\/SENTIS_FABIENNE_reduit-300x217.jpg 300w\" sizes=\"auto, (max-width: 400px) 100vw, 400px\" \/><\/a><\/figure>\n<\/div><\/div>\n\n\n\n<div class=\"wp-block-column is-layout-flow wp-block-column-is-layout-flow\">\n<p class=\"has-text-align-center\">Le mot de <strong>Fabienne SENTIS<\/strong> <br>pour <strong>Voreppe Avenir : Changeons !<\/strong><\/p>\n\n\n\n<p>Ch\u00e8res Voreppines, chers Voreppins,<\/p>\n\n\n\n<p>Notre commune est notre lieu de vie \u00e0 tous. Notre mairie est souvent le premier niveau de contact avec les services publics et l\u2019administration. C\u2019est parfois la premi\u00e8re porte \u00e0 laquelle on frappe.<\/p>\n\n\n\n<p>Lors des \u00e9lections municipales, vous allez choisir non seulement la Maire, mais aussi l\u2019\u00e9quipe qui pendant 6 ans aura la responsabilit\u00e9 de vous accompagner au quotidien. Cette \u00e9quipe devra anticiper les changements auxquels nous aurons tous \u00e0 faire face pour que Voreppe soit une commune pr\u00e9serv\u00e9e encore plus agr\u00e9able \u00e0 vivre.<br>&#8230;<\/p>\n\n\n\n<div class=\"wp-block-buttons is-content-justification-center is-layout-flex wp-container-core-buttons-is-layout-16018d1d wp-block-buttons-is-layout-flex\">\n<div class=\"wp-block-button\"><a class=\"wp-block-button__link has-white-color has-text-color has-background has-link-color has-text-align-center wp-element-button\" href=\"http:\/\/www.voreppeavenir.fr\/changeons\/le-programme-introduction\/\" style=\"background-color:#ff8000\">Lire la suite &#8230;<\/a><\/div>\n<\/div>\n<\/div>\n<\/div>\n\n\n\n<div class=\"wp-block-columns is-layout-flex wp-container-core-columns-is-layout-9d6595d7 wp-block-columns-is-layout-flex\">\n<div class=\"wp-block-column is-layout-flow wp-block-column-is-layout-flow\"><div class=\"wp-block-image is-style-rounded\">\n<figure class=\"aligncenter size-full is-resized\"><img loading=\"lazy\" decoding=\"async\" width=\"1241\" height=\"1754\" src=\"http:\/\/www.voreppeavenir.fr\/changeons\/wp-content\/uploads\/2026\/02\/programme_VoreppeAvenir_Changeons-01.png\" alt=\"\" class=\"wp-image-1142\" style=\"aspect-ratio:0.7075218823161685;object-fit:cover;width:433px;height:auto\" srcset=\"http:\/\/www.voreppeavenir.fr\/changeons\/wp-content\/uploads\/2026\/02\/programme_VoreppeAvenir_Changeons-01.png 1241w, http:\/\/www.voreppeavenir.fr\/changeons\/wp-content\/uploads\/2026\/02\/programme_VoreppeAvenir_Changeons-01-212x300.png 212w, http:\/\/www.voreppeavenir.fr\/changeons\/wp-content\/uploads\/2026\/02\/programme_VoreppeAvenir_Changeons-01-725x1024.png 725w, http:\/\/www.voreppeavenir.fr\/changeons\/wp-content\/uploads\/2026\/02\/programme_VoreppeAvenir_Changeons-01-768x1085.png 768w, http:\/\/www.voreppeavenir.fr\/changeons\/wp-content\/uploads\/2026\/02\/programme_VoreppeAvenir_Changeons-01-1087x1536.png 1087w\" sizes=\"auto, (max-width: 1241px) 100vw, 1241px\" \/><\/figure>\n<\/div><\/div>\n\n\n\n<div class=\"wp-block-column is-layout-flow wp-block-column-is-layout-flow\">\n<p>Notre <strong>programme<\/strong> est disponible !<\/p>\n\n\n\n<p><br>Issu de nombreuses r\u00e9unions publiques, aliment\u00e9 gr\u00e2ce \u00e0 un travail collectif riche depuis plus d&rsquo;un an, <strong>notre programme exprime une vision claire et coh\u00e9rente<\/strong> pour Voreppe.<\/p>\n\n\n\n<p><br>Sur chaque sujet, nous sommes partis d&rsquo;un constat de ce qui nous para\u00eet manquer aujourd&rsquo;hui pour Voreppe ou de ce qui nous para\u00eet mal r\u00e9alis\u00e9 pour <strong>garantir un avenir serein <\/strong>\u00e0 chacun.<br><br>Il est long et fourni (oui, les id\u00e9es ont foisonn\u00e9 !) car nous avons souhait\u00e9 faire des <strong>propositions concr\u00e8tes<\/strong> \u00e9tay\u00e9es par des focus qui \u00e9clairent <strong>des sujets importants<\/strong>.  <br><br>N&rsquo;h\u00e9sitez pas \u00e0 en prendre connaissance \u00e0 votre rythme.<br><br>Et si vous souhaitez partager vos id\u00e9es, nous aider \u00e0 affiner des points, vous \u00eates les bienvenu(e)s dans nos prochaines r\u00e9unions publiques.<\/p>\n\n\n\n<div class=\"wp-block-buttons is-content-justification-center is-layout-flex wp-container-core-buttons-is-layout-16018d1d wp-block-buttons-is-layout-flex\">\n<div class=\"wp-block-button\"><a class=\"wp-block-button__link has-white-color has-text-color has-background has-link-color has-text-align-center wp-element-button\" href=\"http:\/\/www.voreppeavenir.fr\/changeons\/notre-programme\/\" style=\"background-color:#ff8000\">Consulter notre programme <\/a><\/div>\n<\/div>\n<\/div>\n<\/div>\n\n\n\n<div class=\"wp-block-columns is-layout-flex wp-container-core-columns-is-layout-9d6595d7 wp-block-columns-is-layout-flex\">\n<div class=\"wp-block-column is-layout-flow wp-block-column-is-layout-flow\">\n<div style=\"height:29px\" aria-hidden=\"true\" class=\"wp-block-spacer\"><\/div>\n\n\n\n<figure class=\"wp-block-image size-full is-style-rounded\"><a href=\"http:\/\/www.voreppeavenir.fr\/changeons\/category\/candidats\/\"><img loading=\"lazy\" decoding=\"async\" width=\"1024\" height=\"521\" src=\"http:\/\/www.voreppeavenir.fr\/changeons\/wp-content\/uploads\/2026\/02\/VoreppeAvenir_horizontal_reduit.jpg\" alt=\"\" class=\"wp-image-1072\" srcset=\"http:\/\/www.voreppeavenir.fr\/changeons\/wp-content\/uploads\/2026\/02\/VoreppeAvenir_horizontal_reduit.jpg 1024w, http:\/\/www.voreppeavenir.fr\/changeons\/wp-content\/uploads\/2026\/02\/VoreppeAvenir_horizontal_reduit-300x153.jpg 300w, http:\/\/www.voreppeavenir.fr\/changeons\/wp-content\/uploads\/2026\/02\/VoreppeAvenir_horizontal_reduit-768x391.jpg 768w\" sizes=\"auto, (max-width: 1024px) 100vw, 1024px\" \/><\/a><\/figure>\n<\/div>\n\n\n\n<div class=\"wp-block-column is-layout-flow wp-block-column-is-layout-flow\">\n<p>Retrouvez nos <strong>candidats<\/strong> !<\/p>\n\n\n\n<p>Nous sommes des citoyens engag\u00e9s, port\u00e9s par une conviction simple&nbsp;:&nbsp;Voreppe m\u00e9rite une gestion<strong> rigoureuse, \u00e9thique et transparente.<\/strong><br><br>Notre identit\u00e9 repose sur la <strong>proximit\u00e9<\/strong> et l\u2019<strong>\u00e9coute r\u00e9elle<\/strong>. Nous ne voulons plus d\u2019une d\u00e9mocratie de fa\u00e7ade. <br><br>Nous voulons une organisation municipale o\u00f9 <strong>chaque habitant<\/strong> peut devenir un <strong>acteur des d\u00e9cisions locales<\/strong>.<\/p>\n\n\n\n<div class=\"wp-block-buttons is-content-justification-center is-layout-flex wp-container-core-buttons-is-layout-16018d1d wp-block-buttons-is-layout-flex\">\n<div class=\"wp-block-button\"><a class=\"wp-block-button__link has-white-color has-text-color has-background has-link-color has-text-align-center wp-element-button\" href=\"http:\/\/www.voreppeavenir.fr\/changeons\/category\/candidats\/\" style=\"background-color:#ff8000\">Les candidats<\/a><\/div>\n<\/div>\n<\/div>\n<\/div>\n\n\n\n<div class=\"wp-block-columns is-layout-flex wp-container-core-columns-is-layout-9d6595d7 wp-block-columns-is-layout-flex\">\n<div class=\"wp-block-column is-layout-flow wp-block-column-is-layout-flow\">\n<figure class=\"wp-block-gallery has-nested-images columns-default is-cropped wp-block-gallery-2 is-layout-flex wp-block-gallery-is-layout-flex\">\n<figure class=\"wp-block-image size-full is-style-rounded\"><a href=\"http:\/\/www.voreppeavenir.fr\/changeons\/la-charte\/\"><img loading=\"lazy\" decoding=\"async\" width=\"400\" height=\"300\" data-id=\"1091\" src=\"http:\/\/www.voreppeavenir.fr\/changeons\/wp-content\/uploads\/2026\/02\/reunion_publique.jpg\" alt=\"\" class=\"wp-image-1091\" srcset=\"http:\/\/www.voreppeavenir.fr\/changeons\/wp-content\/uploads\/2026\/02\/reunion_publique.jpg 400w, http:\/\/www.voreppeavenir.fr\/changeons\/wp-content\/uploads\/2026\/02\/reunion_publique-300x225.jpg 300w\" sizes=\"auto, (max-width: 400px) 100vw, 400px\" \/><\/a><\/figure>\n<\/figure>\n<\/div>\n\n\n\n<div class=\"wp-block-column is-vertically-aligned-center is-layout-flow wp-block-column-is-layout-flow\">\n<p>Nous souhaitons <strong>rendre aux habitants le pouvoir<\/strong> de d\u00e9cider de la politique locale. Pour cela, nous voulons <strong>impliquer le plus grand nombre de personnes dans la gestion communale<\/strong> sur la base de notre <strong>charte&nbsp;citoyenne<\/strong> \u00e9labor\u00e9e collectivement. Elle nous engage \u00e0 travailler diff\u00e9remment, d\u00e8s aujourd\u2019hui et durant les six ann\u00e9es du mandat municipal.<\/p>\n\n\n\n<div class=\"wp-block-buttons is-content-justification-center is-layout-flex wp-container-core-buttons-is-layout-16018d1d wp-block-buttons-is-layout-flex\">\n<div class=\"wp-block-button is-style-fill\"><a class=\"wp-block-button__link has-white-color has-text-color has-background has-link-color wp-element-button\" href=\"http:\/\/www.voreppeavenir.fr\/changeons\/la-charte\/\" style=\"background-color:#ff8000\">Notre charte citoyenne<\/a><\/div>\n<\/div>\n<\/div>\n<\/div>\n<\/div>\n<\/div>\n<\/div>\n<\/div>\n\n\n\n<div class=\"wp-block-columns is-layout-flex wp-container-core-columns-is-layout-9d6595d7 wp-block-columns-is-layout-flex\">\n<div class=\"wp-block-column is-layout-flow wp-block-column-is-layout-flow\" style=\"flex-basis:100%\">\n<hr class=\"wp-block-separator has-alpha-channel-opacity\"\/>\n\n\n\n<div class=\"wp-block-columns is-layout-flex wp-container-core-columns-is-layout-9d6595d7 wp-block-columns-is-layout-flex\">\n<div class=\"wp-block-column is-layout-flow wp-block-column-is-layout-flow\">\n<p class=\"has-text-align-center\" style=\"font-size:20px\"><strong>Venez nous rencontrer<\/strong> !<\/p>\n\n\n<div class=\"wp-block-image\">\n<figure class=\"aligncenter size-full\"><img loading=\"lazy\" decoding=\"async\" width=\"565\" height=\"106\" src=\"http:\/\/www.voreppeavenir.fr\/changeons\/wp-content\/uploads\/2026\/03\/reunions_second_tour.png\" alt=\"\" class=\"wp-image-1513\" srcset=\"http:\/\/www.voreppeavenir.fr\/changeons\/wp-content\/uploads\/2026\/03\/reunions_second_tour.png 565w, http:\/\/www.voreppeavenir.fr\/changeons\/wp-content\/uploads\/2026\/03\/reunions_second_tour-300x56.png 300w\" sizes=\"auto, (max-width: 565px) 100vw, 565px\" \/><\/figure>\n<\/div>\n\n\n<hr class=\"wp-block-separator has-alpha-channel-opacity\"\/>\n\n\n\n<p class=\"has-text-align-center\"><strong>Nous soutenir<\/strong><\/p>\n\n\n\n<p>Toute campagne n\u00e9cessite un minimum de ressources financi\u00e8res pour les tracts, programme, affiches, bulletins, \u2026<br><a href=\"http:\/\/www.voreppeavenir.fr\/changeons\/nous-soutenir\/\">Si vous d\u00e9sirez nous soutenir par un don, il suffit de \u2026<\/a><\/p>\n\n\n\n<p><\/p>\n<\/div>\n\n\n\n<div class=\"wp-block-column is-vertically-aligned-center is-layout-flow wp-block-column-is-layout-flow\">\n<p class=\"has-medium-font-size\"><\/p>\n\n\n\n<div style=\"padding:20px;text-align:center\" class=\"wp-block-tnp-minimal\"><p><strong>Abonnez-vous \u00e0 notre newsletter<\/strong><\/p><div><div class=\"tnp tnp-subscription-minimal  \"><form action=\"http:\/\/www.voreppeavenir.fr\/changeons\/wp-admin\/admin-ajax.php?action=tnp&amp;na=s\" method=\"post\" style=\"text-align: center\"><input type=\"hidden\" name=\"nr\" value=\"minimal\">\n<input type=\"hidden\" name=\"nlang\" value=\"\">\n<input class=\"tnp-email\" type=\"email\" required name=\"ne\" value=\"\" placeholder=\"E-mail\"><input class=\"tnp-submit\" type=\"submit\" value=\"S&#039;abonner\" style=\"\">\n<\/form><\/div>\n<\/div><\/div>\n\n\n\n<p class=\"has-text-align-center\" style=\"font-size:20px\"><strong>Suivez-nous<\/strong> <strong>sur les r\u00e9seaux sociaux<\/strong><\/p>\n\n\n\n<ul class=\"wp-block-social-links is-content-justification-center is-layout-flex wp-container-core-social-links-is-layout-16018d1d wp-block-social-links-is-layout-flex\"><li class=\"wp-social-link wp-social-link-facebook  wp-block-social-link\"><a rel=\"noopener nofollow\" target=\"_blank\" href=\"https:\/\/www.facebook.com\/VoreppeAvenir.fr\" class=\"wp-block-social-link-anchor\"><svg width=\"24\" height=\"24\" viewBox=\"0 0 24 24\" version=\"1.1\" xmlns=\"http:\/\/www.w3.org\/2000\/svg\" aria-hidden=\"true\" focusable=\"false\"><path d=\"M12 2C6.5 2 2 6.5 2 12c0 5 3.7 9.1 8.4 9.9v-7H7.9V12h2.5V9.8c0-2.5 1.5-3.9 3.8-3.9 1.1 0 2.2.2 2.2.2v2.5h-1.3c-1.2 0-1.6.8-1.6 1.6V12h2.8l-.4 2.9h-2.3v7C18.3 21.1 22 17 22 12c0-5.5-4.5-10-10-10z\"><\/path><\/svg><span class=\"wp-block-social-link-label screen-reader-text\">Facebook<\/span><\/a><\/li>\n\n\n\n<\/ul>\n<\/div>\n<\/div>\n<\/div>\n<\/div>\n\n\n\n<p><\/p>\n","protected":false},"excerpt":{"rendered":"<p>Bonjour \u00e0 toutes et tous, Une page se tourne, une autre s\u2019ouvre m\u00eame si ce n\u2019est pas celle que nous aurions aim\u00e9 construire avec vous. &hellip; <\/p>\n","protected":false},"author":7,"featured_media":0,"parent":0,"menu_order":0,"comment_status":"closed","ping_status":"closed","template":"","meta":{"footnotes":""},"class_list":["post-1070","page","type-page","status-publish","hentry"],"_links":{"self":[{"href":"http:\/\/www.voreppeavenir.fr\/changeons\/wp-json\/wp\/v2\/pages\/1070","targetHints":{"allow":["GET"]}}],"collection":[{"href":"http:\/\/www.voreppeavenir.fr\/changeons\/wp-json\/wp\/v2\/pages"}],"about":[{"href":"http:\/\/www.voreppeavenir.fr\/changeons\/wp-json\/wp\/v2\/types\/page"}],"author":[{"embeddable":true,"href":"http:\/\/www.voreppeavenir.fr\/changeons\/wp-json\/wp\/v2\/users\/7"}],"replies":[{"embeddable":true,"href":"http:\/\/www.voreppeavenir.fr\/changeons\/wp-json\/wp\/v2\/comments?post=1070"}],"version-history":[{"count":74,"href":"http:\/\/www.voreppeavenir.fr\/changeons\/wp-json\/wp\/v2\/pages\/1070\/revisions"}],"predecessor-version":[{"id":1589,"href":"http:\/\/www.voreppeavenir.fr\/changeons\/wp-json\/wp\/v2\/pages\/1070\/revisions\/1589"}],"wp:attachment":[{"href":"http:\/\/www.voreppeavenir.fr\/changeons\/wp-json\/wp\/v2\/media?parent=1070"}],"curies":[{"name":"wp","href":"https:\/\/api.w.org\/{rel}","templated":true}]}}